{"id":172,"date":"2015-11-21T14:28:42","date_gmt":"2015-11-21T14:28:42","guid":{"rendered":"http:\/\/home-cinema-prestige.com\/?page_id=172"},"modified":"2025-11-20T18:20:45","modified_gmt":"2025-11-20T17:20:45","slug":"location-videoprojecteur-4k","status":"publish","type":"page","link":"https:\/\/home-cinema-prestige.com\/fr\/location-videoprojecteur-4k\/","title":{"rendered":"Location vid\u00e9oprojecteur 4K ultra courte focale Laser"},"content":{"rendered":"<h2>Louer un vid\u00e9oprojecteur 4K ultra courte focale laser<\/h2>\n<p>Pour votre soci\u00e9t\u00e9, pour de l\u2019\u00e9v\u00e9nementiel, pour une conf\u00e9rence, vous pouvez louer un projecteur \u00a0SONY 4K \u00e0 ultra courte focale.<\/p>\n<div id=\"attachment_174\" style=\"width: 285px\" class=\"wp-caption aligncenter\"><a href=\"http:\/\/home-cinema-prestige.com\/wp-content\/uploads\/2015\/11\/images-1.jpg\"><img loading=\"lazy\" decoding=\"async\" aria-describedby=\"caption-attachment-174\" class=\"wp-image-174 size-full\" src=\"http:\/\/home-cinema-prestige.com\/wp-content\/uploads\/2015\/11\/images-1.jpg\" alt=\"location vid\u00e9oprojecteur 4k\" width=\"275\" height=\"183\" \/><\/a><p id=\"caption-attachment-174\" class=\"wp-caption-text\">VPL-GTZ1 en exposition ( remplac\u00e9 par le SONY VPL-VZ 1000 ES)<\/p><\/div>\n<p>Pour les professionnels, \u00a0il s\u2019agit du mod\u00e8le VPL-GTZ1. C\u2019est en fait, une version all\u00e9g\u00e9e du LSPX W1 dont vous avez la description dans les pages de ce site. Les caract\u00e9ristiques techniques sont identiques, avec la technologie \u00e9prouv\u00e9e SXRD&#x2122; 4K de Sony et une source lumineuse laser au phosphore. On obtient une luminosit\u00e9 couleur de 2 000 lumens et une qualit\u00e9 d&rsquo;image excellente.<\/p>\n<p>La location d\u2019un vid\u00e9oprojecteur 4K \u00e0 ultra courte focale vous permet de passer outre bon nombre de probl\u00e8mes techniques dus \u00e0 un vid\u00e9oprojecteur traditionnel.<\/p>\n<div id=\"attachment_175\" style=\"width: 310px\" class=\"wp-caption aligncenter\"><a href=\"http:\/\/home-cinema-prestige.com\/wp-content\/uploads\/2015\/11\/images-2.jpg\"><img loading=\"lazy\" decoding=\"async\" aria-describedby=\"caption-attachment-175\" class=\"wp-image-175 size-medium\" src=\"http:\/\/home-cinema-prestige.com\/wp-content\/uploads\/2015\/11\/images-2-300x168.jpg\" alt=\"louer un videoprojecteur 4K ultra courte focale\" width=\"300\" height=\"168\" \/><\/a><p id=\"caption-attachment-175\" class=\"wp-caption-text\">VPL-VZ1000 sur un salon<\/p><\/div>\n<p>Si votre conf\u00e9rence, votre salon, votre exposition, a lieu dans un espace non \u00e9quip\u00e9 d\u2019un vid\u00e9oprojecteur, vous pouvez n\u00e9anmoins obtenir une image de tr\u00e8s grande qualit\u00e9 avec une simple prise de courant, puisque le VPL-GTZ1 se pose directement par terre devant le mur qui va vous servir d\u2019\u00e9cran. Avec un recul de 17cm, vous obtenez une image de pr\u00e8s de 4m de diagonale. Il vous suffit d\u2019adjoindre ou non un syst\u00e8me de reproduction sonore si vous en avez besoin.<\/p>\n<div id=\"attachment_176\" style=\"width: 346px\" class=\"wp-caption aligncenter\"><a href=\"http:\/\/home-cinema-prestige.com\/wp-content\/uploads\/2015\/11\/images.jpg\"><img loading=\"lazy\" decoding=\"async\" aria-describedby=\"caption-attachment-176\" class=\"wp-image-176 size-full\" src=\"http:\/\/home-cinema-prestige.com\/wp-content\/uploads\/2015\/11\/images.jpg\" alt=\"louer un videoprojecteur ultra courte focale 4K\" width=\"336\" height=\"150\" srcset=\"https:\/\/home-cinema-prestige.com\/wp-content\/uploads\/2015\/11\/images.jpg 336w, https:\/\/home-cinema-prestige.com\/wp-content\/uploads\/2015\/11\/images-300x134.jpg 300w\" sizes=\"auto, (max-width: 336px) 100vw, 336px\" \/><\/a><p id=\"caption-attachment-176\" class=\"wp-caption-text\">VPL-VZ 1000 pour une conf\u00e9rence<\/p><\/div>\n<p>Vous n\u2019avez pas ainsi le probl\u00e8me des personnes qui coupent le faisceau lumineux en passant devant le projecteur, vous n\u2019\u00eates pas oblig\u00e9 d\u2019installer un projecteur au milieu d\u2019une salle avec des c\u00e2bles qui trainent par terre, etc.<\/p>\n<div id=\"attachment_741\" style=\"width: 222px\" class=\"wp-caption aligncenter\"><a href=\"http:\/\/home-cinema-prestige.com\/wp-content\/uploads\/2019\/09\/VPL-VZ1000ES6.jpg\"><img loading=\"lazy\" decoding=\"async\" aria-describedby=\"caption-attachment-741\" class=\"wp-image-741 size-medium\" title=\"VPL-VZ1000ES\" src=\"http:\/\/home-cinema-prestige.com\/wp-content\/uploads\/2019\/09\/VPL-VZ1000ES6-212x300.jpg\" alt=\"VPL-VZ1000ES\" width=\"212\" height=\"300\" srcset=\"https:\/\/home-cinema-prestige.com\/wp-content\/uploads\/2019\/09\/VPL-VZ1000ES6-212x300.jpg 212w, https:\/\/home-cinema-prestige.com\/wp-content\/uploads\/2019\/09\/VPL-VZ1000ES6-724x1024.jpg 724w, https:\/\/home-cinema-prestige.com\/wp-content\/uploads\/2019\/09\/VPL-VZ1000ES6-768x1086.jpg 768w, https:\/\/home-cinema-prestige.com\/wp-content\/uploads\/2019\/09\/VPL-VZ1000ES6-1086x1536.jpg 1086w, https:\/\/home-cinema-prestige.com\/wp-content\/uploads\/2019\/09\/VPL-VZ1000ES6-1448x2048.jpg 1448w, https:\/\/home-cinema-prestige.com\/wp-content\/uploads\/2019\/09\/VPL-VZ1000ES6.jpg 1754w\" sizes=\"auto, (max-width: 212px) 100vw, 212px\" \/><\/a><p id=\"caption-attachment-741\" class=\"wp-caption-text\">PROJECTEUR SONY ULTRA COURTE FOCALE VPL-VZ1000ES<\/p><\/div>\n<p>La location du vid\u00e9oprojecteur VPL-VZ1000ES 4K \u00e0 ultra courte focale permet \u00e9galement la r\u00e9troprojection. Plac\u00e9 derri\u00e8re un \u00e9cran adapt\u00e9, vous retrouvez la m\u00eame qualit\u00e9 d\u2019image que lorsqu\u2019il est plac\u00e9 devant l\u2019\u00e9cran.<\/p>\n<p>La location d\u2019un vid\u00e9oprojecteur 4K \u00e0 ultra courte focale peut se faire pour des p\u00e9riodes plus ou moins longues et peut s\u2019envisager \u00e9galement en leasing.<\/p>\n<p>Dans tous les cas, n\u2019h\u00e9sitez pas \u00e0 entrer en contact avec notre soci\u00e9t\u00e9 pour plus de renseignements.<\/p>\n<h2>Location vid\u00e9oprojecteur pour salon.<\/h2>\n<p>Un salon est l\u2019endroit o\u00f9 on a le moins de recul. Les stands \u00a0sont coll\u00e9s les uns aux autres, on ne peut pas empi\u00e9ter dans les all\u00e9es. Et pourtant c&rsquo;est l&rsquo;endroit o\u00f9 il faut briller, se montrer \u00e0 son avantage et donc, si vous utilisez un vid\u00e9oprojecteur, avoir des images de grande qualit\u00e9 dans un minimum d&rsquo;espace. Le\u00a0vid\u00e9oprojecteur\u00a0 \u00a0 \u00a0 VPL-VZ1000ES 4K est donc la solution id\u00e9ale \u00e0 votre probl\u00e8me. Tr\u00e8s peu d&rsquo;encombrement, une qualit\u00e9 d&rsquo;image incomparable, que ce soit en location, en leasing ou \u00e0 l&rsquo;achat,\u00a0Home Cin\u00e9ma Prestige saura r\u00e9pondre \u00e0 votre demande.<\/p>\n<h2>Location vid\u00e9oprojecteur pour \u00e9v\u00e9nementiel<\/h2>\n<p>Vous \u00eates organisateur d&rsquo;\u00e9v\u00e9nementiel et vous avez besoin de projeter des images dans des endroits o\u00f9 le public est nombreux, o\u00f9 de grands salons vous emp\u00eachent d&rsquo;installer un projecteur en hauteur. Le vid\u00e9oprojecteur VPL-VZ1000ES 4K est la solution id\u00e9ale. Tr\u00e8s peu d&rsquo;encombrement, une qualit\u00e9 d&rsquo;image exceptionnelle, pas de n\u00e9cessit\u00e9 d&rsquo;\u00e9cran puisqu\u2019un simple mur blanc suffit. De plus, il ne d\u00e9gage pas de chaleur et donc, il supprime les probl\u00e8mes de s\u00e9curit\u00e9.<\/p>\n","protected":false},"excerpt":{"rendered":"<p>Louer un vid\u00e9oprojecteur 4K ultra courte focale laser Pour votre soci\u00e9t\u00e9, pour de l\u2019\u00e9v\u00e9nementiel, pour une conf\u00e9rence, vous pouvez louer un projecteur \u00a0SONY 4K \u00e0 ultra courte focale. Pour les professionnels, \u00a0il s\u2019agit du mod\u00e8le VPL-GTZ1. C\u2019est en fait, une version all\u00e9g\u00e9e du LSPX W1 dont vous avez la description dans les pages de ce [&hellip;]<\/p>\n","protected":false},"author":1,"featured_media":0,"parent":0,"menu_order":0,"comment_status":"closed","ping_status":"closed","template":"","meta":{"_acf_changed":false,"_monsterinsights_skip_tracking":false,"_monsterinsights_sitenote_active":false,"_monsterinsights_sitenote_note":"","_monsterinsights_sitenote_category":0,"footnotes":""},"class_list":["post-172","page","type-page","status-publish","hentry"],"acf":[],"jetpack_sharing_enabled":true,"_links":{"self":[{"href":"https:\/\/home-cinema-prestige.com\/fr\/wp-json\/wp\/v2\/pages\/172","targetHints":{"allow":["GET"]}}],"collection":[{"href":"https:\/\/home-cinema-prestige.com\/fr\/wp-json\/wp\/v2\/pages"}],"about":[{"href":"https:\/\/home-cinema-prestige.com\/fr\/wp-json\/wp\/v2\/types\/page"}],"author":[{"embeddable":true,"href":"https:\/\/home-cinema-prestige.com\/fr\/wp-json\/wp\/v2\/users\/1"}],"replies":[{"embeddable":true,"href":"https:\/\/home-cinema-prestige.com\/fr\/wp-json\/wp\/v2\/comments?post=172"}],"version-history":[{"count":9,"href":"https:\/\/home-cinema-prestige.com\/fr\/wp-json\/wp\/v2\/pages\/172\/revisions"}],"predecessor-version":[{"id":960,"href":"https:\/\/home-cinema-prestige.com\/fr\/wp-json\/wp\/v2\/pages\/172\/revisions\/960"}],"wp:attachment":[{"href":"https:\/\/home-cinema-prestige.com\/fr\/wp-json\/wp\/v2\/media?parent=172"}],"curies":[{"name":"wp","href":"https:\/\/api.w.org\/{rel}","templated":true}]}}