{"id":368,"date":"2016-09-11T19:58:54","date_gmt":"2016-09-11T19:58:54","guid":{"rendered":"http:\/\/home-cinema-prestige.com\/?page_id=368"},"modified":"2025-11-03T04:38:31","modified_gmt":"2025-11-03T03:38:31","slug":"installation-video-sony-pour-institutionels-et-societes","status":"publish","type":"page","link":"https:\/\/home-cinema-prestige.com\/fr\/installation-video-sony-pour-institutionels-et-societes\/","title":{"rendered":"INSTALLATION VIDEO SONY POUR INSTITUTIONNELS ET SOCIETES"},"content":{"rendered":"<p><div id=\"attachment_380\" style=\"width: 235px\" class=\"wp-caption alignleft\"><a href=\"http:\/\/home-cinema-prestige.com\/wp-content\/uploads\/2016\/09\/IMG_1202.jpg\"><img loading=\"lazy\" decoding=\"async\" aria-describedby=\"caption-attachment-380\" class=\"wp-image-380 size-medium\" title=\"NOUVELLE SERIE FWD-65AG9G\/T ECRANS PROFESSIONNELS OLED HDR ULTRA\" src=\"http:\/\/home-cinema-prestige.com\/wp-content\/uploads\/2016\/09\/IMG_1202-225x300.jpg\" alt=\"NOUVELLE SERIE FWD-65AG9G\/T ECRANS PROFESSIONNELS OLED HDR ULTRA\" width=\"225\" height=\"300\" srcset=\"https:\/\/home-cinema-prestige.com\/wp-content\/uploads\/2016\/09\/IMG_1202-225x300.jpg 225w, https:\/\/home-cinema-prestige.com\/wp-content\/uploads\/2016\/09\/IMG_1202-768x1024.jpg 768w, https:\/\/home-cinema-prestige.com\/wp-content\/uploads\/2016\/09\/IMG_1202-1152x1536.jpg 1152w, https:\/\/home-cinema-prestige.com\/wp-content\/uploads\/2016\/09\/IMG_1202-1536x2048.jpg 1536w, https:\/\/home-cinema-prestige.com\/wp-content\/uploads\/2016\/09\/IMG_1202.jpg 1920w\" sizes=\"auto, (max-width: 225px) 100vw, 225px\" \/><\/a><p id=\"caption-attachment-380\" class=\"wp-caption-text\">NOUVELLE SERIE FWD-65AG9G\/T ECRANS PROFESSIONNELS OLED HDR ULTRA<\/p><\/div><br>\n<div id=\"attachment_387\" style=\"width: 235px\" class=\"wp-caption alignleft\"><a href=\"http:\/\/home-cinema-prestige.com\/wp-content\/uploads\/2016\/09\/IMG_1203.jpg\"><img loading=\"lazy\" decoding=\"async\" aria-describedby=\"caption-attachment-387\" class=\"wp-image-387 size-medium\" title=\"NOUVELLE SERIE FWD-65AG9G\/T ECRANS PROFESSIONNELS OLED HDR ULTRA\" src=\"http:\/\/home-cinema-prestige.com\/wp-content\/uploads\/2016\/09\/IMG_1203-225x300.jpg\" alt=\"NOUVELLE SERIE FWD-65AG9G\/T ECRANS PROFESSIONNELS OLED HDR ULTRA\" width=\"225\" height=\"300\" srcset=\"https:\/\/home-cinema-prestige.com\/wp-content\/uploads\/2016\/09\/IMG_1203-225x300.jpg 225w, https:\/\/home-cinema-prestige.com\/wp-content\/uploads\/2016\/09\/IMG_1203-768x1024.jpg 768w, https:\/\/home-cinema-prestige.com\/wp-content\/uploads\/2016\/09\/IMG_1203-1152x1536.jpg 1152w, https:\/\/home-cinema-prestige.com\/wp-content\/uploads\/2016\/09\/IMG_1203-1536x2048.jpg 1536w, https:\/\/home-cinema-prestige.com\/wp-content\/uploads\/2016\/09\/IMG_1203.jpg 1920w\" sizes=\"auto, (max-width: 225px) 100vw, 225px\" \/><\/a><p id=\"caption-attachment-387\" class=\"wp-caption-text\">NOUVELLE SERIE FWD-65AG9G\/T ECRANS PROFESSIONNELS OLED HDR ULTRA<\/p><\/div><\/p>\n<p><span style=\"text-decoration: underline;\"><strong>INSTALLATION VIDEO SONY POUR INSTITUTIONNELS ET SOCIETES<\/strong><\/span><\/p>\n<p>En tant que partenaire <strong>SONY PREMIUM&nbsp;<\/strong>nous sommes le partenaire id\u00e9al pour votre projet<\/p>\n<p>La d\u00e9cision de d\u00e9bloquer&nbsp;un budget pour de l&rsquo;affichage vid\u00e9o n&rsquo;est pas une chose facile pour les soci\u00e9t\u00e9s.La mise en<\/p>\n<p>avant de l&rsquo;image avec SONY comme partenaire vous offre la s\u00e9curit\u00e9 et la fiabilit\u00e9 associ\u00e9e \u00e0 un nom connu et reconnu<\/p>\n<p>\u00e0 la fois du grand public comme du professionnel.A partir de votre budget \u00e9tabli nous serons trouver le ou les<\/p>\n<p>produits adapt\u00e9s \u00e0 votre environnement tout en restant dans la fourchette budg\u00e9taire que vous vous \u00eates fix\u00e9s<\/p>\n<div id=\"attachment_377\" style=\"width: 310px\" class=\"wp-caption alignleft\"><a href=\"http:\/\/home-cinema-prestige.com\/wp-content\/uploads\/2016\/09\/VPL-GTZ270.jpeg\"><img loading=\"lazy\" decoding=\"async\" aria-describedby=\"caption-attachment-377\" class=\"wp-image-377 size-medium\" title=\"PROJECTEUR SONY VPL-GTZ 270 A OPTIQUE INTERCHANGEABLE\" src=\"http:\/\/home-cinema-prestige.com\/wp-content\/uploads\/2016\/09\/VPL-GTZ270-300x181.jpeg\" alt=\"PROJECTEUR SONY VPL-GTZ 270 A OPTIQUE INTERCHANGEABLE\" width=\"300\" height=\"181\" srcset=\"https:\/\/home-cinema-prestige.com\/wp-content\/uploads\/2016\/09\/VPL-GTZ270-300x181.jpeg 300w, https:\/\/home-cinema-prestige.com\/wp-content\/uploads\/2016\/09\/VPL-GTZ270.jpeg 680w\" sizes=\"auto, (max-width: 300px) 100vw, 300px\" \/><\/a><p id=\"caption-attachment-377\" class=\"wp-caption-text\">PROJECTEUR SONY VPL-GTZ 270 A OPTIQUE INTERCHANGEABLE<\/p><\/div>\n<p>Tous les produits de la gamme professionnelle sont optimis\u00e9s pour fonctionner en continu sans aucun probl\u00e8me<\/p>\n<p>tout en beneficiant de la garantie SONYPRO \u00ab\u00a0PRIME SUPPORT\u00a0\u00bb&nbsp; de 3 ans sur site<\/p>\n<p>Que vous soyez une soci\u00e9t\u00e9 ,une PME,ou un institutionnel vous \u00eates ici \u00ab\u00a0\u00e0 la bonne porte\u00a0\u00bb pour votre projet vid\u00e9o<\/p>\n<p><!--more--><\/p>\n<div id=\"attachment_756\" style=\"width: 235px\" class=\"wp-caption alignleft\"><a href=\"http:\/\/home-cinema-prestige.com\/wp-content\/uploads\/2019\/09\/IMG_4481-e1569500494634.jpg\"><img loading=\"lazy\" decoding=\"async\" aria-describedby=\"caption-attachment-756\" class=\"size-medium wp-image-756\" src=\"http:\/\/home-cinema-prestige.com\/wp-content\/uploads\/2019\/09\/IMG_4481-e1569500494634-225x300.jpg\" alt=\"DALLE PRO SONY\" width=\"225\" height=\"300\" srcset=\"https:\/\/home-cinema-prestige.com\/wp-content\/uploads\/2019\/09\/IMG_4481-e1569500494634-225x300.jpg 225w, https:\/\/home-cinema-prestige.com\/wp-content\/uploads\/2019\/09\/IMG_4481-e1569500494634-768x1024.jpg 768w, https:\/\/home-cinema-prestige.com\/wp-content\/uploads\/2019\/09\/IMG_4481-e1569500494634-1152x1536.jpg 1152w, https:\/\/home-cinema-prestige.com\/wp-content\/uploads\/2019\/09\/IMG_4481-e1569500494634-1536x2048.jpg 1536w\" sizes=\"auto, (max-width: 225px) 100vw, 225px\" \/><\/a><p id=\"caption-attachment-756\" class=\"wp-caption-text\">DALLE PRO SONY<\/p><\/div>\n<p><\/p>\n<p>Nous offrons une installation personnalis\u00e9 gr\u00e2ce \u00e0 une large gamme de projecteurs et t\u00e9l\u00e9viseurs SONY adapt\u00e9e \u00e0 votre situation ( de 32&Prime; \u00e0 100 pouces)<\/p>\n<p>Tous les projecteurs et t\u00e9l\u00e9viseurs de la gamme SONY professionnelle b\u00e9n\u00e9ficient de la garantie SONY 3 ans sur site avec \u00e9change \u00e0 neuf en cas d&rsquo;impossibilit\u00e9 de r\u00e9paration<\/p>\n<p>Ci dessous vous pouvez t\u00e9l\u00e9charger toute la nouvelle gamme SONY BRAVIA PRO<\/p>\n<p><a href=\"http:\/\/home-cinema-prestige.com\/wp-content\/uploads\/2020\/06\/SONY-BRAVIA-PRO-JUIN-2020-L.pdf\">&nbsp; &nbsp; &nbsp; &nbsp; &nbsp; &nbsp; &nbsp; &nbsp; &nbsp; &nbsp; &nbsp; &nbsp; &nbsp; &nbsp; &nbsp; &nbsp; &nbsp; &nbsp; &nbsp; &nbsp; &nbsp; SONY &#8211; BRAVIA PRO &#8211; JUIN 2020 <\/a><\/p>\n<div id=\"attachment_121\" style=\"width: 310px\" class=\"wp-caption alignleft\"><a href=\"http:\/\/home-cinema-prestige.com\/wp-content\/uploads\/2015\/09\/plan-ConvertImage.jpg\"><img loading=\"lazy\" decoding=\"async\" aria-describedby=\"caption-attachment-121\" class=\"size-medium wp-image-121\" src=\"http:\/\/home-cinema-prestige.com\/wp-content\/uploads\/2015\/09\/plan-ConvertImage-300x172.jpg\" alt=\"adresse du showroom\" width=\"300\" height=\"172\" srcset=\"https:\/\/home-cinema-prestige.com\/wp-content\/uploads\/2015\/09\/plan-ConvertImage-300x172.jpg 300w, https:\/\/home-cinema-prestige.com\/wp-content\/uploads\/2015\/09\/plan-ConvertImage-768x442.jpg 768w, https:\/\/home-cinema-prestige.com\/wp-content\/uploads\/2015\/09\/plan-ConvertImage.jpg 861w\" sizes=\"auto, (max-width: 300px) 100vw, 300px\" \/><\/a><p id=\"caption-attachment-121\" class=\"wp-caption-text\">HOME CINEMA PRESTIGE<br>45 Avenue GEORGE V<br>75008 PARIS<br>Metro GEORGE V<br>01.47.20.18.48<br>06.80.08.12.50<\/p><\/div>\n<p><\/p>\n<p><\/p>\n<p><\/p>\n<p><\/p>\n<p><\/p>\n<p><\/p>\n\n\n<p><\/p>\n","protected":false},"excerpt":{"rendered":"<p>INSTALLATION VIDEO SONY POUR INSTITUTIONNELS ET SOCIETES En tant que partenaire SONY PREMIUM&nbsp;nous sommes le partenaire id\u00e9al pour votre projet La d\u00e9cision de d\u00e9bloquer&nbsp;un budget pour de l&rsquo;affichage vid\u00e9o n&rsquo;est pas une chose facile pour les soci\u00e9t\u00e9s.La mise en avant de l&rsquo;image avec SONY comme partenaire vous offre la s\u00e9curit\u00e9 et la fiabilit\u00e9 associ\u00e9e \u00e0 [&hellip;]<\/p>\n","protected":false},"author":1,"featured_media":0,"parent":0,"menu_order":0,"comment_status":"closed","ping_status":"closed","template":"","meta":{"_acf_changed":false,"_monsterinsights_skip_tracking":false,"_monsterinsights_sitenote_active":false,"_monsterinsights_sitenote_note":"","_monsterinsights_sitenote_category":0,"footnotes":""},"class_list":["post-368","page","type-page","status-publish","hentry"],"acf":[],"jetpack_sharing_enabled":true,"_links":{"self":[{"href":"https:\/\/home-cinema-prestige.com\/fr\/wp-json\/wp\/v2\/pages\/368","targetHints":{"allow":["GET"]}}],"collection":[{"href":"https:\/\/home-cinema-prestige.com\/fr\/wp-json\/wp\/v2\/pages"}],"about":[{"href":"https:\/\/home-cinema-prestige.com\/fr\/wp-json\/wp\/v2\/types\/page"}],"author":[{"embeddable":true,"href":"https:\/\/home-cinema-prestige.com\/fr\/wp-json\/wp\/v2\/users\/1"}],"replies":[{"embeddable":true,"href":"https:\/\/home-cinema-prestige.com\/fr\/wp-json\/wp\/v2\/comments?post=368"}],"version-history":[{"count":51,"href":"https:\/\/home-cinema-prestige.com\/fr\/wp-json\/wp\/v2\/pages\/368\/revisions"}],"predecessor-version":[{"id":1101,"href":"https:\/\/home-cinema-prestige.com\/fr\/wp-json\/wp\/v2\/pages\/368\/revisions\/1101"}],"wp:attachment":[{"href":"https:\/\/home-cinema-prestige.com\/fr\/wp-json\/wp\/v2\/media?parent=368"}],"curies":[{"name":"wp","href":"https:\/\/api.w.org\/{rel}","templated":true}]}}